{"id":2372,"date":"2025-03-31T11:52:17","date_gmt":"2025-03-31T11:52:17","guid":{"rendered":"https:\/\/osoi.pt\/solutions\/business\/"},"modified":"2025-08-13T15:05:20","modified_gmt":"2025-08-13T15:05:20","slug":"business","status":"publish","type":"page","link":"https:\/\/osoi.pt\/en\/solutions\/business\/","title":{"rendered":"Business"},"content":{"rendered":"\t\t<div data-elementor-type=\"wp-page\" data-elementor-id=\"2372\" class=\"elementor elementor-2372 elementor-469\">\n\t\t\t\t<div class=\"elementor-element elementor-element-0a6df50 full-height-section section-with-overlay base-padding e-flex e-con-boxed e-con e-parent\" data-id=\"0a6df50\" data-element_type=\"container\" data-e-type=\"container\" data-settings=\"{&quot;background_background&quot;:&quot;classic&quot;,&quot;jet_parallax_layout_list&quot;:[]}\">\n\t\t\t\t\t<div class=\"e-con-inner\">\n\t\t\t\t<div class=\"elementor-element elementor-element-9c4719c elementor-widget elementor-widget-heading\" data-id=\"9c4719c\" data-element_type=\"widget\" data-e-type=\"widget\" data-widget_type=\"heading.default\">\n\t\t\t\t<div class=\"elementor-widget-container\">\n\t\t\t\t\t<h1 class=\"elementor-heading-title elementor-size-default\">Solutions for your <span class=\"primary-color\">business<\/span><\/h1>\t\t\t\t<\/div>\n\t\t\t\t<\/div>\n\t\t\t\t\t<\/div>\n\t\t\t\t<\/div>\n\t\t<div class=\"elementor-element elementor-element-52a7a65 base-padding e-flex e-con-boxed e-con e-parent\" data-id=\"52a7a65\" data-element_type=\"container\" data-e-type=\"container\" data-settings=\"{&quot;background_background&quot;:&quot;classic&quot;,&quot;jet_parallax_layout_list&quot;:[]}\">\n\t\t\t\t\t<div class=\"e-con-inner\">\n\t\t\t\t<div class=\"elementor-element elementor-element-edcf0b9 elementor-widget elementor-widget-heading\" data-id=\"edcf0b9\" data-element_type=\"widget\" data-e-type=\"widget\" data-widget_type=\"heading.default\">\n\t\t\t\t<div class=\"elementor-widget-container\">\n\t\t\t\t\t<h2 class=\"elementor-heading-title elementor-size-default\">The complete solution for your business<\/h2>\t\t\t\t<\/div>\n\t\t\t\t<\/div>\n\t\t\t\t<div class=\"elementor-element elementor-element-2bf388d elementor-widget__width-initial elementor-widget elementor-widget-text-editor\" data-id=\"2bf388d\" data-element_type=\"widget\" data-e-type=\"widget\" data-widget_type=\"text-editor.default\">\n\t\t\t\t<div class=\"elementor-widget-container\">\n\t\t\t\t\t\t\t\t\t<p>Your business is your mark on the world and requires your utmost attention. With OSOI Concept you will find your ideal construction partner to start up or expand your space, presenting you with the best solutions for your idea\/vision. <\/p><p>We focus on your new space, so you can focus on your brand.<\/p><p>Here you will find a team with extensive experience in a wide variety of construction projects, where we will present various solutions to achieve your vision and idea.<\/p>\t\t\t\t\t\t\t\t<\/div>\n\t\t\t\t<\/div>\n\t\t\t\t\t<\/div>\n\t\t\t\t<\/div>\n\t\t<div class=\"elementor-element elementor-element-39bcbff section-with-overlay base-padding e-flex e-con-boxed e-con e-parent\" data-id=\"39bcbff\" data-element_type=\"container\" data-e-type=\"container\" data-settings=\"{&quot;background_background&quot;:&quot;classic&quot;,&quot;jet_parallax_layout_list&quot;:[]}\">\n\t\t\t\t\t<div class=\"e-con-inner\">\n\t\t<div class=\"elementor-element elementor-element-24faa49 e-con-full e-flex e-con e-child\" data-id=\"24faa49\" data-element_type=\"container\" data-e-type=\"container\" data-settings=\"{&quot;jet_parallax_layout_list&quot;:[]}\">\n\t\t\t\t<div class=\"elementor-element elementor-element-10fb29d elementor-widget elementor-widget-jet-inline-svg\" data-id=\"10fb29d\" data-element_type=\"widget\" data-e-type=\"widget\" data-widget_type=\"jet-inline-svg.default\">\n\t\t\t\t<div class=\"elementor-widget-container\">\n\t\t\t\t\t<div class=\"elementor-jet-inline-svg jet-elements\"><div class=\"jet-inline-svg__wrapper\"><div class=\"jet-inline-svg jet-inline-svg--custom-width\"><div class=\"jet-inline-svg__inner\"><?xml version=\"1.0\" encoding=\"UTF-8\"?>\n<svg xmlns=\"http:\/\/www.w3.org\/2000\/svg\" id=\"Layer_1\" preserveAspectRatio=\"none\" version=\"1.1\" viewBox=\"0 0 1173.2 586.6\">\n  <g id=\"Grupo_840\">\n    <path id=\"Caminho_2149\" d=\"M0,0l586.6,586.6L1173.2,0H0Z\" style=\"fill: #f5a800;\"><\/path>\n  <\/g>\n<\/svg>\n<\/div><\/div><\/div><\/div>\t\t\t\t<\/div>\n\t\t\t\t<\/div>\n\t\t\t\t<div class=\"elementor-element elementor-element-1852284 elementor-widget elementor-widget-heading\" data-id=\"1852284\" data-element_type=\"widget\" data-e-type=\"widget\" data-widget_type=\"heading.default\">\n\t\t\t\t<div class=\"elementor-widget-container\">\n\t\t\t\t\t<h2 class=\"elementor-heading-title elementor-size-default\">TRADE<\/h2>\t\t\t\t<\/div>\n\t\t\t\t<\/div>\n\t\t\t\t<\/div>\n\t\t<div class=\"elementor-element elementor-element-8e64147 e-con-full e-flex e-con e-child\" data-id=\"8e64147\" data-element_type=\"container\" data-e-type=\"container\" data-settings=\"{&quot;jet_parallax_layout_list&quot;:[]}\">\n\t\t\t\t<div class=\"elementor-element elementor-element-bc8a0e0 elementor-widget elementor-widget-button\" data-id=\"bc8a0e0\" data-element_type=\"widget\" data-e-type=\"widget\" data-widget_type=\"button.default\">\n\t\t\t\t<div class=\"elementor-widget-container\">\n\t\t\t\t\t\t\t\t\t<div class=\"elementor-button-wrapper\">\n\t\t\t\t\t<a class=\"elementor-button elementor-button-link elementor-size-sm\" href=\"\/en\/portfolio\/?categoria=business\">\n\t\t\t\t\t\t<span class=\"elementor-button-content-wrapper\">\n\t\t\t\t\t\t\t\t\t<span class=\"elementor-button-text\">See projects<\/span>\n\t\t\t\t\t<\/span>\n\t\t\t\t\t<\/a>\n\t\t\t\t<\/div>\n\t\t\t\t\t\t\t\t<\/div>\n\t\t\t\t<\/div>\n\t\t\t\t<div class=\"elementor-element elementor-element-63aa22a secondary-button elementor-widget elementor-widget-button\" data-id=\"63aa22a\" data-element_type=\"widget\" data-e-type=\"widget\" data-widget_type=\"button.default\">\n\t\t\t\t<div class=\"elementor-widget-container\">\n\t\t\t\t\t\t\t\t\t<div class=\"elementor-button-wrapper\">\n\t\t\t\t\t<a class=\"elementor-button elementor-button-link elementor-size-sm\" href=\"https:\/\/osoi.pt\/en\/solutions\/tailor-made\/#form\">\n\t\t\t\t\t\t<span class=\"elementor-button-content-wrapper\">\n\t\t\t\t\t\t\t\t\t<span class=\"elementor-button-text\">Request a quote<\/span>\n\t\t\t\t\t<\/span>\n\t\t\t\t\t<\/a>\n\t\t\t\t<\/div>\n\t\t\t\t\t\t\t\t<\/div>\n\t\t\t\t<\/div>\n\t\t\t\t<\/div>\n\t\t\t\t\t<\/div>\n\t\t\t\t<\/div>\n\t\t<div class=\"elementor-element elementor-element-36c7a1c section-with-overlay base-padding e-flex e-con-boxed e-con e-parent\" data-id=\"36c7a1c\" data-element_type=\"container\" data-e-type=\"container\" data-settings=\"{&quot;background_background&quot;:&quot;classic&quot;,&quot;jet_parallax_layout_list&quot;:[]}\">\n\t\t\t\t\t<div class=\"e-con-inner\">\n\t\t<div class=\"elementor-element elementor-element-ac10f36 e-con-full e-flex e-con e-child\" data-id=\"ac10f36\" data-element_type=\"container\" data-e-type=\"container\" data-settings=\"{&quot;jet_parallax_layout_list&quot;:[]}\">\n\t\t\t\t<div class=\"elementor-element elementor-element-95aeba1 elementor-widget elementor-widget-jet-inline-svg\" data-id=\"95aeba1\" data-element_type=\"widget\" data-e-type=\"widget\" data-widget_type=\"jet-inline-svg.default\">\n\t\t\t\t<div class=\"elementor-widget-container\">\n\t\t\t\t\t<div class=\"elementor-jet-inline-svg jet-elements\"><div class=\"jet-inline-svg__wrapper\"><div class=\"jet-inline-svg jet-inline-svg--custom-width\"><div class=\"jet-inline-svg__inner\"><?xml version=\"1.0\" encoding=\"UTF-8\"?>\n<svg xmlns=\"http:\/\/www.w3.org\/2000\/svg\" id=\"Layer_1\" preserveAspectRatio=\"none\" version=\"1.1\" viewBox=\"0 0 1173.2 586.6\">\n  <g id=\"Grupo_840\">\n    <path id=\"Caminho_2149\" d=\"M0,0l586.6,586.6L1173.2,0H0Z\" style=\"fill: #f5a800;\"><\/path>\n  <\/g>\n<\/svg>\n<\/div><\/div><\/div><\/div>\t\t\t\t<\/div>\n\t\t\t\t<\/div>\n\t\t\t\t<div class=\"elementor-element elementor-element-24a93a3 elementor-widget elementor-widget-heading\" data-id=\"24a93a3\" data-element_type=\"widget\" data-e-type=\"widget\" data-widget_type=\"heading.default\">\n\t\t\t\t<div class=\"elementor-widget-container\">\n\t\t\t\t\t<h2 class=\"elementor-heading-title elementor-size-default\">INDUSTRY<\/h2>\t\t\t\t<\/div>\n\t\t\t\t<\/div>\n\t\t\t\t<\/div>\n\t\t<div class=\"elementor-element elementor-element-a33f9e2 e-con-full e-flex e-con e-child\" data-id=\"a33f9e2\" data-element_type=\"container\" data-e-type=\"container\" data-settings=\"{&quot;jet_parallax_layout_list&quot;:[]}\">\n\t\t\t\t<div class=\"elementor-element elementor-element-bf3f827 elementor-widget elementor-widget-button\" data-id=\"bf3f827\" data-element_type=\"widget\" data-e-type=\"widget\" data-widget_type=\"button.default\">\n\t\t\t\t<div class=\"elementor-widget-container\">\n\t\t\t\t\t\t\t\t\t<div class=\"elementor-button-wrapper\">\n\t\t\t\t\t<a class=\"elementor-button elementor-button-link elementor-size-sm\" href=\"\/en\/portfolio\/?categoria=industry\">\n\t\t\t\t\t\t<span class=\"elementor-button-content-wrapper\">\n\t\t\t\t\t\t\t\t\t<span class=\"elementor-button-text\">See projects<\/span>\n\t\t\t\t\t<\/span>\n\t\t\t\t\t<\/a>\n\t\t\t\t<\/div>\n\t\t\t\t\t\t\t\t<\/div>\n\t\t\t\t<\/div>\n\t\t\t\t<div class=\"elementor-element elementor-element-d999df8 secondary-button elementor-widget elementor-widget-button\" data-id=\"d999df8\" data-element_type=\"widget\" data-e-type=\"widget\" data-widget_type=\"button.default\">\n\t\t\t\t<div class=\"elementor-widget-container\">\n\t\t\t\t\t\t\t\t\t<div class=\"elementor-button-wrapper\">\n\t\t\t\t\t<a class=\"elementor-button elementor-button-link elementor-size-sm\" href=\"https:\/\/osoi.pt\/en\/solutions\/tailor-made\/#form\">\n\t\t\t\t\t\t<span class=\"elementor-button-content-wrapper\">\n\t\t\t\t\t\t\t\t\t<span class=\"elementor-button-text\">Request a quote<\/span>\n\t\t\t\t\t<\/span>\n\t\t\t\t\t<\/a>\n\t\t\t\t<\/div>\n\t\t\t\t\t\t\t\t<\/div>\n\t\t\t\t<\/div>\n\t\t\t\t<\/div>\n\t\t\t\t\t<\/div>\n\t\t\t\t<\/div>\n\t\t<div class=\"elementor-element elementor-element-110b248 section-with-overlay base-padding e-flex e-con-boxed e-con e-parent\" data-id=\"110b248\" data-element_type=\"container\" data-e-type=\"container\" data-settings=\"{&quot;background_background&quot;:&quot;classic&quot;,&quot;jet_parallax_layout_list&quot;:[]}\">\n\t\t\t\t\t<div class=\"e-con-inner\">\n\t\t<div class=\"elementor-element elementor-element-09e946c e-con-full e-flex e-con e-child\" data-id=\"09e946c\" data-element_type=\"container\" data-e-type=\"container\" data-settings=\"{&quot;jet_parallax_layout_list&quot;:[]}\">\n\t\t\t\t<div class=\"elementor-element elementor-element-2eb63e6 elementor-widget elementor-widget-jet-inline-svg\" data-id=\"2eb63e6\" data-element_type=\"widget\" data-e-type=\"widget\" data-widget_type=\"jet-inline-svg.default\">\n\t\t\t\t<div class=\"elementor-widget-container\">\n\t\t\t\t\t<div class=\"elementor-jet-inline-svg jet-elements\"><div class=\"jet-inline-svg__wrapper\"><div class=\"jet-inline-svg jet-inline-svg--custom-width\"><div class=\"jet-inline-svg__inner\"><?xml version=\"1.0\" encoding=\"UTF-8\"?>\n<svg xmlns=\"http:\/\/www.w3.org\/2000\/svg\" id=\"Layer_1\" preserveAspectRatio=\"none\" version=\"1.1\" viewBox=\"0 0 1173.2 586.6\">\n  <g id=\"Grupo_840\">\n    <path id=\"Caminho_2149\" d=\"M0,0l586.6,586.6L1173.2,0H0Z\" style=\"fill: #f5a800;\"><\/path>\n  <\/g>\n<\/svg>\n<\/div><\/div><\/div><\/div>\t\t\t\t<\/div>\n\t\t\t\t<\/div>\n\t\t\t\t<div class=\"elementor-element elementor-element-f3f8eda elementor-widget elementor-widget-heading\" data-id=\"f3f8eda\" data-element_type=\"widget\" data-e-type=\"widget\" data-widget_type=\"heading.default\">\n\t\t\t\t<div class=\"elementor-widget-container\">\n\t\t\t\t\t<h2 class=\"elementor-heading-title elementor-size-default\">SERVICE<\/h2>\t\t\t\t<\/div>\n\t\t\t\t<\/div>\n\t\t\t\t<\/div>\n\t\t<div class=\"elementor-element elementor-element-1fee218 e-con-full e-flex e-con e-child\" data-id=\"1fee218\" data-element_type=\"container\" data-e-type=\"container\" data-settings=\"{&quot;jet_parallax_layout_list&quot;:[]}\">\n\t\t\t\t<div class=\"elementor-element elementor-element-cc4aec4 elementor-widget elementor-widget-button\" data-id=\"cc4aec4\" data-element_type=\"widget\" data-e-type=\"widget\" data-widget_type=\"button.default\">\n\t\t\t\t<div class=\"elementor-widget-container\">\n\t\t\t\t\t\t\t\t\t<div class=\"elementor-button-wrapper\">\n\t\t\t\t\t<a class=\"elementor-button elementor-button-link elementor-size-sm\" href=\"\/en\/portfolio\/?categoria=service\">\n\t\t\t\t\t\t<span class=\"elementor-button-content-wrapper\">\n\t\t\t\t\t\t\t\t\t<span class=\"elementor-button-text\">See projects<\/span>\n\t\t\t\t\t<\/span>\n\t\t\t\t\t<\/a>\n\t\t\t\t<\/div>\n\t\t\t\t\t\t\t\t<\/div>\n\t\t\t\t<\/div>\n\t\t\t\t<div class=\"elementor-element elementor-element-cf5f3a3 secondary-button elementor-widget elementor-widget-button\" data-id=\"cf5f3a3\" data-element_type=\"widget\" data-e-type=\"widget\" data-widget_type=\"button.default\">\n\t\t\t\t<div class=\"elementor-widget-container\">\n\t\t\t\t\t\t\t\t\t<div class=\"elementor-button-wrapper\">\n\t\t\t\t\t<a class=\"elementor-button elementor-button-link elementor-size-sm\" href=\"https:\/\/osoi.pt\/en\/solutions\/tailor-made\/#form\">\n\t\t\t\t\t\t<span class=\"elementor-button-content-wrapper\">\n\t\t\t\t\t\t\t\t\t<span class=\"elementor-button-text\">Request a quote<\/span>\n\t\t\t\t\t<\/span>\n\t\t\t\t\t<\/a>\n\t\t\t\t<\/div>\n\t\t\t\t\t\t\t\t<\/div>\n\t\t\t\t<\/div>\n\t\t\t\t<\/div>\n\t\t\t\t\t<\/div>\n\t\t\t\t<\/div>\n\t\t<div class=\"elementor-element elementor-element-d05fdc8 e-flex e-con-boxed e-con e-child\" data-id=\"d05fdc8\" data-element_type=\"container\" data-e-type=\"container\" data-settings=\"{&quot;background_background&quot;:&quot;classic&quot;,&quot;jet_parallax_layout_list&quot;:[]}\">\n\t\t\t\t\t<div class=\"e-con-inner\">\n\t\t<div class=\"elementor-element elementor-element-60226c6 base-padding e-flex e-con-boxed e-con e-child\" data-id=\"60226c6\" data-element_type=\"container\" data-e-type=\"container\" data-settings=\"{&quot;position&quot;:&quot;absolute&quot;,&quot;jet_parallax_layout_list&quot;:[]}\">\n\t\t\t\t\t<div class=\"e-con-inner\">\n\t\t\t\t<div class=\"elementor-element elementor-element-24a3291 e-transform pointer-events-none user-select-none elementor-widget elementor-widget-image\" data-id=\"24a3291\" data-element_type=\"widget\" data-e-type=\"widget\" data-settings=\"{&quot;_transform_rotateZ_effect&quot;:{&quot;unit&quot;:&quot;px&quot;,&quot;size&quot;:180,&quot;sizes&quot;:[]},&quot;_transform_rotateZ_effect_tablet&quot;:{&quot;unit&quot;:&quot;deg&quot;,&quot;size&quot;:&quot;&quot;,&quot;sizes&quot;:[]},&quot;_transform_rotateZ_effect_mobile&quot;:{&quot;unit&quot;:&quot;deg&quot;,&quot;size&quot;:&quot;&quot;,&quot;sizes&quot;:[]}}\" data-widget_type=\"image.default\">\n\t\t\t\t<div class=\"elementor-widget-container\">\n\t\t\t\t\t\t\t\t\t\t\t\t\t\t\t<img fetchpriority=\"high\" decoding=\"async\" width=\"1173\" height=\"587\" src=\"https:\/\/osoi.pt\/wp-content\/uploads\/2025\/03\/triangulo_amarelo.svg\" class=\"attachment-full size-full wp-image-2054\" alt=\"\" \/>\t\t\t\t\t\t\t\t\t\t\t\t\t\t\t<\/div>\n\t\t\t\t<\/div>\n\t\t\t\t\t<\/div>\n\t\t\t\t<\/div>\n\t\t\t\t\t<\/div>\n\t\t\t\t<\/div>\n\t\t\t\t<\/div>\n\t\t","protected":false},"excerpt":{"rendered":"<p>Solutions for your business The complete solution for your business Your business is your mark on the world and requires your utmost attention. With OSOI Concept you will find your ideal construction partner to start up or expand your space, presenting you with the best solutions for your idea\/vision. We focus on your new space, [&hellip;]<\/p>\n","protected":false},"author":1,"featured_media":0,"parent":2222,"menu_order":0,"comment_status":"closed","ping_status":"closed","template":"","meta":{"footnotes":""},"class_list":["post-2372","page","type-page","status-publish","hentry"],"yoast_head":"<!-- This site is optimized with the Yoast SEO plugin v27.2 - https:\/\/yoast.com\/product\/yoast-seo-wordpress\/ -->\n<title>The Complete Solution for Your Business - OSOI<\/title>\n<meta name=\"description\" content=\"With OSOI Concept you will find your ideal construction partner to start up or expand your space, and with the best solutions.\" \/>\n<meta name=\"robots\" content=\"index, follow, max-snippet:-1, max-image-preview:large, max-video-preview:-1\" \/>\n<link rel=\"canonical\" href=\"https:\/\/osoi.pt\/en\/solutions\/business\/\" \/>\n<meta property=\"og:locale\" content=\"en_US\" \/>\n<meta property=\"og:type\" content=\"article\" \/>\n<meta property=\"og:title\" content=\"The Complete Solution for Your Business - OSOI\" \/>\n<meta property=\"og:description\" content=\"With OSOI Concept you will find your ideal construction partner to start up or expand your space, and with the best solutions.\" \/>\n<meta property=\"og:url\" content=\"https:\/\/osoi.pt\/en\/solutions\/business\/\" \/>\n<meta property=\"og:site_name\" content=\"OSOI\" \/>\n<meta property=\"article:modified_time\" content=\"2025-08-13T15:05:20+00:00\" \/>\n<meta name=\"twitter:card\" content=\"summary_large_image\" \/>\n<meta name=\"twitter:label1\" content=\"Est. reading time\" \/>\n\t<meta name=\"twitter:data1\" content=\"1 minute\" \/>\n<script type=\"application\/ld+json\" class=\"yoast-schema-graph\">{\"@context\":\"https:\/\/schema.org\",\"@graph\":[{\"@type\":\"WebPage\",\"@id\":\"https:\/\/osoi.pt\/en\/solutions\/business\/\",\"url\":\"https:\/\/osoi.pt\/en\/solutions\/business\/\",\"name\":\"The Complete Solution for Your Business - OSOI\",\"isPartOf\":{\"@id\":\"https:\/\/osoi.pt\/en\/#website\"},\"primaryImageOfPage\":{\"@id\":\"https:\/\/osoi.pt\/en\/solutions\/business\/#primaryimage\"},\"image\":{\"@id\":\"https:\/\/osoi.pt\/en\/solutions\/business\/#primaryimage\"},\"thumbnailUrl\":\"https:\/\/osoi.pt\/wp-content\/uploads\/2025\/03\/triangulo_amarelo.svg\",\"datePublished\":\"2025-03-31T11:52:17+00:00\",\"dateModified\":\"2025-08-13T15:05:20+00:00\",\"description\":\"With OSOI Concept you will find your ideal construction partner to start up or expand your space, and with the best solutions.\",\"breadcrumb\":{\"@id\":\"https:\/\/osoi.pt\/en\/solutions\/business\/#breadcrumb\"},\"inLanguage\":\"en-US\",\"potentialAction\":[{\"@type\":\"ReadAction\",\"target\":[\"https:\/\/osoi.pt\/en\/solutions\/business\/\"]}]},{\"@type\":\"ImageObject\",\"inLanguage\":\"en-US\",\"@id\":\"https:\/\/osoi.pt\/en\/solutions\/business\/#primaryimage\",\"url\":\"https:\/\/osoi.pt\/wp-content\/uploads\/2025\/03\/triangulo_amarelo.svg\",\"contentUrl\":\"https:\/\/osoi.pt\/wp-content\/uploads\/2025\/03\/triangulo_amarelo.svg\"},{\"@type\":\"BreadcrumbList\",\"@id\":\"https:\/\/osoi.pt\/en\/solutions\/business\/#breadcrumb\",\"itemListElement\":[{\"@type\":\"ListItem\",\"position\":1,\"name\":\"In\u00edcio\",\"item\":\"https:\/\/osoi.pt\/en\/home\/\"},{\"@type\":\"ListItem\",\"position\":2,\"name\":\"Solutions\",\"item\":\"https:\/\/osoi.pt\/en\/solutions\/\"},{\"@type\":\"ListItem\",\"position\":3,\"name\":\"Business\"}]},{\"@type\":\"WebSite\",\"@id\":\"https:\/\/osoi.pt\/en\/#website\",\"url\":\"https:\/\/osoi.pt\/en\/\",\"name\":\"OSOI\",\"description\":\"Constru\u00e7\u00e3o e solu\u00e7\u00f5es de arquitetura\",\"publisher\":{\"@id\":\"https:\/\/osoi.pt\/en\/#organization\"},\"inLanguage\":\"en-US\"},{\"@type\":\"Organization\",\"@id\":\"https:\/\/osoi.pt\/en\/#organization\",\"name\":\"OSOI\",\"url\":\"https:\/\/osoi.pt\/en\/\",\"logo\":{\"@type\":\"ImageObject\",\"inLanguage\":\"en-US\",\"@id\":\"https:\/\/osoi.pt\/en\/#\/schema\/logo\/image\/\",\"url\":\"https:\/\/osoi.pt\/wp-content\/uploads\/2025\/03\/osoi-logo-cores.svg\",\"contentUrl\":\"https:\/\/osoi.pt\/wp-content\/uploads\/2025\/03\/osoi-logo-cores.svg\",\"width\":708.43,\"height\":279.46,\"caption\":\"OSOI\"},\"image\":{\"@id\":\"https:\/\/osoi.pt\/en\/#\/schema\/logo\/image\/\"}}]}<\/script>\n<!-- \/ Yoast SEO plugin. -->","yoast_head_json":{"title":"The Complete Solution for Your Business - OSOI","description":"With OSOI Concept you will find your ideal construction partner to start up or expand your space, and with the best solutions.","robots":{"index":"index","follow":"follow","max-snippet":"max-snippet:-1","max-image-preview":"max-image-preview:large","max-video-preview":"max-video-preview:-1"},"canonical":"https:\/\/osoi.pt\/en\/solutions\/business\/","og_locale":"en_US","og_type":"article","og_title":"The Complete Solution for Your Business - OSOI","og_description":"With OSOI Concept you will find your ideal construction partner to start up or expand your space, and with the best solutions.","og_url":"https:\/\/osoi.pt\/en\/solutions\/business\/","og_site_name":"OSOI","article_modified_time":"2025-08-13T15:05:20+00:00","twitter_card":"summary_large_image","twitter_misc":{"Est. reading time":"1 minute"},"schema":{"@context":"https:\/\/schema.org","@graph":[{"@type":"WebPage","@id":"https:\/\/osoi.pt\/en\/solutions\/business\/","url":"https:\/\/osoi.pt\/en\/solutions\/business\/","name":"The Complete Solution for Your Business - OSOI","isPartOf":{"@id":"https:\/\/osoi.pt\/en\/#website"},"primaryImageOfPage":{"@id":"https:\/\/osoi.pt\/en\/solutions\/business\/#primaryimage"},"image":{"@id":"https:\/\/osoi.pt\/en\/solutions\/business\/#primaryimage"},"thumbnailUrl":"https:\/\/osoi.pt\/wp-content\/uploads\/2025\/03\/triangulo_amarelo.svg","datePublished":"2025-03-31T11:52:17+00:00","dateModified":"2025-08-13T15:05:20+00:00","description":"With OSOI Concept you will find your ideal construction partner to start up or expand your space, and with the best solutions.","breadcrumb":{"@id":"https:\/\/osoi.pt\/en\/solutions\/business\/#breadcrumb"},"inLanguage":"en-US","potentialAction":[{"@type":"ReadAction","target":["https:\/\/osoi.pt\/en\/solutions\/business\/"]}]},{"@type":"ImageObject","inLanguage":"en-US","@id":"https:\/\/osoi.pt\/en\/solutions\/business\/#primaryimage","url":"https:\/\/osoi.pt\/wp-content\/uploads\/2025\/03\/triangulo_amarelo.svg","contentUrl":"https:\/\/osoi.pt\/wp-content\/uploads\/2025\/03\/triangulo_amarelo.svg"},{"@type":"BreadcrumbList","@id":"https:\/\/osoi.pt\/en\/solutions\/business\/#breadcrumb","itemListElement":[{"@type":"ListItem","position":1,"name":"In\u00edcio","item":"https:\/\/osoi.pt\/en\/home\/"},{"@type":"ListItem","position":2,"name":"Solutions","item":"https:\/\/osoi.pt\/en\/solutions\/"},{"@type":"ListItem","position":3,"name":"Business"}]},{"@type":"WebSite","@id":"https:\/\/osoi.pt\/en\/#website","url":"https:\/\/osoi.pt\/en\/","name":"OSOI","description":"Constru\u00e7\u00e3o e solu\u00e7\u00f5es de arquitetura","publisher":{"@id":"https:\/\/osoi.pt\/en\/#organization"},"inLanguage":"en-US"},{"@type":"Organization","@id":"https:\/\/osoi.pt\/en\/#organization","name":"OSOI","url":"https:\/\/osoi.pt\/en\/","logo":{"@type":"ImageObject","inLanguage":"en-US","@id":"https:\/\/osoi.pt\/en\/#\/schema\/logo\/image\/","url":"https:\/\/osoi.pt\/wp-content\/uploads\/2025\/03\/osoi-logo-cores.svg","contentUrl":"https:\/\/osoi.pt\/wp-content\/uploads\/2025\/03\/osoi-logo-cores.svg","width":708.43,"height":279.46,"caption":"OSOI"},"image":{"@id":"https:\/\/osoi.pt\/en\/#\/schema\/logo\/image\/"}}]}},"_links":{"self":[{"href":"https:\/\/osoi.pt\/en\/wp-json\/wp\/v2\/pages\/2372","targetHints":{"allow":["GET"]}}],"collection":[{"href":"https:\/\/osoi.pt\/en\/wp-json\/wp\/v2\/pages"}],"about":[{"href":"https:\/\/osoi.pt\/en\/wp-json\/wp\/v2\/types\/page"}],"author":[{"embeddable":true,"href":"https:\/\/osoi.pt\/en\/wp-json\/wp\/v2\/users\/1"}],"replies":[{"embeddable":true,"href":"https:\/\/osoi.pt\/en\/wp-json\/wp\/v2\/comments?post=2372"}],"version-history":[{"count":7,"href":"https:\/\/osoi.pt\/en\/wp-json\/wp\/v2\/pages\/2372\/revisions"}],"predecessor-version":[{"id":2391,"href":"https:\/\/osoi.pt\/en\/wp-json\/wp\/v2\/pages\/2372\/revisions\/2391"}],"up":[{"embeddable":true,"href":"https:\/\/osoi.pt\/en\/wp-json\/wp\/v2\/pages\/2222"}],"wp:attachment":[{"href":"https:\/\/osoi.pt\/en\/wp-json\/wp\/v2\/media?parent=2372"}],"curies":[{"name":"wp","href":"https:\/\/api.w.org\/{rel}","templated":true}]}}