{"id":2252,"date":"2025-03-31T11:56:35","date_gmt":"2025-03-31T11:56:35","guid":{"rendered":"https:\/\/osoi.pt\/solutions\/modular\/"},"modified":"2025-08-13T11:10:44","modified_gmt":"2025-08-13T11:10:44","slug":"modular","status":"publish","type":"page","link":"https:\/\/osoi.pt\/en\/solutions\/modular\/","title":{"rendered":"Modular"},"content":{"rendered":"\t\t<div data-elementor-type=\"wp-page\" data-elementor-id=\"2252\" class=\"elementor elementor-2252 elementor-482\">\n\t\t\t\t<div class=\"elementor-element elementor-element-0a6df50 full-height-section section-with-overlay base-padding e-flex e-con-boxed e-con e-parent\" data-id=\"0a6df50\" data-element_type=\"container\" data-e-type=\"container\" data-settings=\"{&quot;background_background&quot;:&quot;classic&quot;,&quot;jet_parallax_layout_list&quot;:[]}\">\n\t\t\t\t\t<div class=\"e-con-inner\">\n\t\t\t\t<div class=\"elementor-element elementor-element-9c4719c elementor-widget elementor-widget-heading\" data-id=\"9c4719c\" data-element_type=\"widget\" data-e-type=\"widget\" data-widget_type=\"heading.default\">\n\t\t\t\t<div class=\"elementor-widget-container\">\n\t\t\t\t\t<h1 class=\"elementor-heading-title elementor-size-default\">Solutions for <span class=\"primary-color\">modular<\/span> systems<\/h1>\t\t\t\t<\/div>\n\t\t\t\t<\/div>\n\t\t\t\t\t<\/div>\n\t\t\t\t<\/div>\n\t\t<div class=\"elementor-element elementor-element-52a7a65 base-padding e-flex e-con-boxed e-con e-parent\" data-id=\"52a7a65\" data-element_type=\"container\" data-e-type=\"container\" data-settings=\"{&quot;jet_parallax_layout_list&quot;:[],&quot;background_background&quot;:&quot;classic&quot;}\">\n\t\t\t\t\t<div class=\"e-con-inner\">\n\t\t\t\t<div class=\"elementor-element elementor-element-edcf0b9 elementor-widget elementor-widget-heading\" data-id=\"edcf0b9\" data-element_type=\"widget\" data-e-type=\"widget\" data-widget_type=\"heading.default\">\n\t\t\t\t<div class=\"elementor-widget-container\">\n\t\t\t\t\t<h2 class=\"elementor-heading-title elementor-size-default\">Modular solutions<\/h2>\t\t\t\t<\/div>\n\t\t\t\t<\/div>\n\t\t\t\t<div class=\"elementor-element elementor-element-2bf388d elementor-widget__width-initial elementor-widget elementor-widget-text-editor\" data-id=\"2bf388d\" data-element_type=\"widget\" data-e-type=\"widget\" data-widget_type=\"text-editor.default\">\n\t\t\t\t<div class=\"elementor-widget-container\">\n\t\t\t\t\t\t\t\t\t<p>OSOI Concept is constantly looking for new solutions for the world of construction and that&#8217;s why we present our VESSPOD brand modules. Our modular solutions allow for a range of combinations, tailored to your needs and financing.<\/p>\t\t\t\t\t\t\t\t<\/div>\n\t\t\t\t<\/div>\n\t\t\t\t\t<\/div>\n\t\t\t\t<\/div>\n\t\t<div class=\"elementor-element elementor-element-6b263b8 base-padding e-flex e-con-boxed e-con e-parent\" data-id=\"6b263b8\" data-element_type=\"container\" data-e-type=\"container\" data-settings=\"{&quot;jet_parallax_layout_list&quot;:[]}\">\n\t\t\t\t\t<div class=\"e-con-inner\">\n\t\t\t\t<div class=\"elementor-element elementor-element-a308a90 elementor-widget elementor-widget-heading\" data-id=\"a308a90\" data-element_type=\"widget\" data-e-type=\"widget\" data-widget_type=\"heading.default\">\n\t\t\t\t<div class=\"elementor-widget-container\">\n\t\t\t\t\t<span class=\"elementor-heading-title elementor-size-default\">News soon<\/span>\t\t\t\t<\/div>\n\t\t\t\t<\/div>\n\t\t\t\t\t<\/div>\n\t\t\t\t<\/div>\n\t\t<div class=\"elementor-element elementor-element-ed523f6 e-con-full elementor-hidden-desktop elementor-hidden-tablet elementor-hidden-mobile e-flex e-con e-parent\" data-id=\"ed523f6\" data-element_type=\"container\" data-e-type=\"container\" id=\"modelos\" data-settings=\"{&quot;jet_parallax_layout_list&quot;:[],&quot;background_background&quot;:&quot;classic&quot;}\">\n\t\t\t\t<div class=\"elementor-element elementor-element-9c7e8a7 elementor-widget elementor-widget-jet-listing-grid\" data-id=\"9c7e8a7\" data-element_type=\"widget\" data-e-type=\"widget\" data-settings=\"{&quot;columns&quot;:&quot;1&quot;}\" data-widget_type=\"jet-listing-grid.default\">\n\t\t\t\t<div class=\"elementor-widget-container\">\n\t\t\t\t\t<div class=\"jet-listing-grid jet-listing\"><div class=\"jet-listing-not-found jet-listing-grid__items\" data-nav=\"{&quot;enabled&quot;:false,&quot;type&quot;:null,&quot;more_el&quot;:null,&quot;query&quot;:[],&quot;widget_settings&quot;:{&quot;lisitng_id&quot;:723,&quot;posts_num&quot;:999,&quot;columns&quot;:1,&quot;columns_tablet&quot;:1,&quot;columns_mobile&quot;:1,&quot;column_min_width&quot;:240,&quot;column_min_width_tablet&quot;:240,&quot;column_min_width_mobile&quot;:240,&quot;inline_columns_css&quot;:false,&quot;is_archive_template&quot;:&quot;&quot;,&quot;post_status&quot;:[&quot;publish&quot;],&quot;use_random_posts_num&quot;:&quot;&quot;,&quot;max_posts_num&quot;:9,&quot;not_found_message&quot;:&quot;No model solutions found.&quot;,&quot;is_masonry&quot;:false,&quot;equal_columns_height&quot;:&quot;&quot;,&quot;use_load_more&quot;:&quot;&quot;,&quot;load_more_id&quot;:&quot;&quot;,&quot;load_more_type&quot;:&quot;click&quot;,&quot;load_more_offset&quot;:{&quot;unit&quot;:&quot;px&quot;,&quot;size&quot;:0,&quot;sizes&quot;:[]},&quot;use_custom_post_types&quot;:&quot;&quot;,&quot;custom_post_types&quot;:[],&quot;hide_widget_if&quot;:&quot;&quot;,&quot;carousel_enabled&quot;:&quot;&quot;,&quot;slides_to_scroll&quot;:&quot;1&quot;,&quot;arrows&quot;:&quot;true&quot;,&quot;arrow_icon&quot;:&quot;fa fa-angle-left&quot;,&quot;dots&quot;:&quot;&quot;,&quot;autoplay&quot;:&quot;true&quot;,&quot;pause_on_hover&quot;:&quot;true&quot;,&quot;autoplay_speed&quot;:5000,&quot;infinite&quot;:&quot;true&quot;,&quot;center_mode&quot;:&quot;&quot;,&quot;effect&quot;:&quot;slide&quot;,&quot;speed&quot;:500,&quot;inject_alternative_items&quot;:&quot;&quot;,&quot;injection_items&quot;:[],&quot;scroll_slider_enabled&quot;:&quot;&quot;,&quot;scroll_slider_on&quot;:[&quot;desktop&quot;,&quot;tablet&quot;,&quot;mobile&quot;],&quot;custom_query&quot;:&quot;yes&quot;,&quot;custom_query_id&quot;:&quot;4&quot;,&quot;_element_id&quot;:&quot;&quot;,&quot;collapse_first_last_gap&quot;:&quot;true&quot;,&quot;list_tag_selection&quot;:&quot;&quot;,&quot;list_items_wrapper_tag&quot;:&quot;div&quot;,&quot;list_item_tag&quot;:&quot;div&quot;,&quot;empty_items_wrapper_tag&quot;:&quot;div&quot;}}\" data-listing-source=\"query\" data-listing-id=\"723\" data-query-id=\"4\" data-queried-id=\"2252|WP_Post\">No model solutions found.<\/div><\/div>\t\t\t\t<\/div>\n\t\t\t\t<\/div>\n\t\t\t\t<\/div>\n\t\t<div class=\"elementor-element elementor-element-d05fdc8 e-flex e-con-boxed e-con e-child\" data-id=\"d05fdc8\" data-element_type=\"container\" data-e-type=\"container\" data-settings=\"{&quot;background_background&quot;:&quot;classic&quot;,&quot;jet_parallax_layout_list&quot;:[]}\">\n\t\t\t\t\t<div class=\"e-con-inner\">\n\t\t<div class=\"elementor-element elementor-element-60226c6 base-padding e-flex e-con-boxed e-con e-child\" data-id=\"60226c6\" data-element_type=\"container\" data-e-type=\"container\" data-settings=\"{&quot;position&quot;:&quot;absolute&quot;,&quot;jet_parallax_layout_list&quot;:[]}\">\n\t\t\t\t\t<div class=\"e-con-inner\">\n\t\t\t\t<div class=\"elementor-element elementor-element-24a3291 e-transform pointer-events-none user-select-none elementor-widget elementor-widget-image\" data-id=\"24a3291\" data-element_type=\"widget\" data-e-type=\"widget\" data-settings=\"{&quot;_transform_rotateZ_effect&quot;:{&quot;unit&quot;:&quot;px&quot;,&quot;size&quot;:180,&quot;sizes&quot;:[]},&quot;_transform_rotateZ_effect_tablet&quot;:{&quot;unit&quot;:&quot;deg&quot;,&quot;size&quot;:&quot;&quot;,&quot;sizes&quot;:[]},&quot;_transform_rotateZ_effect_mobile&quot;:{&quot;unit&quot;:&quot;deg&quot;,&quot;size&quot;:&quot;&quot;,&quot;sizes&quot;:[]}}\" data-widget_type=\"image.default\">\n\t\t\t\t<div class=\"elementor-widget-container\">\n\t\t\t\t\t\t\t\t\t\t\t\t\t\t\t<img fetchpriority=\"high\" decoding=\"async\" width=\"1173\" height=\"587\" src=\"https:\/\/osoi.pt\/wp-content\/uploads\/2025\/03\/triangulo_amarelo.svg\" class=\"attachment-full size-full wp-image-2054\" alt=\"\" \/>\t\t\t\t\t\t\t\t\t\t\t\t\t\t\t<\/div>\n\t\t\t\t<\/div>\n\t\t\t\t\t<\/div>\n\t\t\t\t<\/div>\n\t\t\t\t\t<\/div>\n\t\t\t\t<\/div>\n\t\t\t\t<\/div>\n\t\t","protected":false},"excerpt":{"rendered":"<p>Solutions for modular systems Modular solutions OSOI Concept is constantly looking for new solutions for the world of construction and that&#8217;s why we present our VESSPOD brand modules. Our modular solutions allow for a range of combinations, tailored to your needs and financing. News soon Edit query<\/p>\n","protected":false},"author":1,"featured_media":0,"parent":2222,"menu_order":0,"comment_status":"closed","ping_status":"closed","template":"","meta":{"footnotes":""},"class_list":["post-2252","page","type-page","status-publish","hentry"],"yoast_head":"<!-- This site is optimized with the Yoast SEO plugin v27.2 - https:\/\/yoast.com\/product\/yoast-seo-wordpress\/ -->\n<title>Solutions for Modular Systems - OSOI<\/title>\n<meta name=\"description\" content=\"OSOI Concept is constantly looking for new solutions for the world of construction and that&#039;s why we&#039;re presenting our VESSPOD brand modules.\" \/>\n<meta name=\"robots\" content=\"index, follow, max-snippet:-1, max-image-preview:large, max-video-preview:-1\" \/>\n<link rel=\"canonical\" href=\"https:\/\/osoi.pt\/en\/solutions\/modular\/\" \/>\n<meta property=\"og:locale\" content=\"en_US\" \/>\n<meta property=\"og:type\" content=\"article\" \/>\n<meta property=\"og:title\" content=\"Solutions for Modular Systems - OSOI\" \/>\n<meta property=\"og:description\" content=\"OSOI Concept is constantly looking for new solutions for the world of construction and that&#039;s why we&#039;re presenting our VESSPOD brand modules.\" \/>\n<meta property=\"og:url\" content=\"https:\/\/osoi.pt\/en\/solutions\/modular\/\" \/>\n<meta property=\"og:site_name\" content=\"OSOI\" \/>\n<meta property=\"article:modified_time\" content=\"2025-08-13T11:10:44+00:00\" \/>\n<meta name=\"twitter:card\" content=\"summary_large_image\" \/>\n<script type=\"application\/ld+json\" class=\"yoast-schema-graph\">{\"@context\":\"https:\/\/schema.org\",\"@graph\":[{\"@type\":\"WebPage\",\"@id\":\"https:\/\/osoi.pt\/en\/solutions\/modular\/\",\"url\":\"https:\/\/osoi.pt\/en\/solutions\/modular\/\",\"name\":\"Solutions for Modular Systems - OSOI\",\"isPartOf\":{\"@id\":\"https:\/\/osoi.pt\/en\/#website\"},\"primaryImageOfPage\":{\"@id\":\"https:\/\/osoi.pt\/en\/solutions\/modular\/#primaryimage\"},\"image\":{\"@id\":\"https:\/\/osoi.pt\/en\/solutions\/modular\/#primaryimage\"},\"thumbnailUrl\":\"https:\/\/osoi.pt\/wp-content\/uploads\/2025\/04\/triangulo_cinza_dark.svg\",\"datePublished\":\"2025-03-31T11:56:35+00:00\",\"dateModified\":\"2025-08-13T11:10:44+00:00\",\"description\":\"OSOI Concept is constantly looking for new solutions for the world of construction and that's why we're presenting our VESSPOD brand modules.\",\"breadcrumb\":{\"@id\":\"https:\/\/osoi.pt\/en\/solutions\/modular\/#breadcrumb\"},\"inLanguage\":\"en-US\",\"potentialAction\":[{\"@type\":\"ReadAction\",\"target\":[\"https:\/\/osoi.pt\/en\/solutions\/modular\/\"]}]},{\"@type\":\"ImageObject\",\"inLanguage\":\"en-US\",\"@id\":\"https:\/\/osoi.pt\/en\/solutions\/modular\/#primaryimage\",\"url\":\"https:\/\/osoi.pt\/wp-content\/uploads\/2025\/04\/triangulo_cinza_dark.svg\",\"contentUrl\":\"https:\/\/osoi.pt\/wp-content\/uploads\/2025\/04\/triangulo_cinza_dark.svg\"},{\"@type\":\"BreadcrumbList\",\"@id\":\"https:\/\/osoi.pt\/en\/solutions\/modular\/#breadcrumb\",\"itemListElement\":[{\"@type\":\"ListItem\",\"position\":1,\"name\":\"In\u00edcio\",\"item\":\"https:\/\/osoi.pt\/en\/home\/\"},{\"@type\":\"ListItem\",\"position\":2,\"name\":\"Solutions\",\"item\":\"https:\/\/osoi.pt\/en\/solutions\/\"},{\"@type\":\"ListItem\",\"position\":3,\"name\":\"Modular\"}]},{\"@type\":\"WebSite\",\"@id\":\"https:\/\/osoi.pt\/en\/#website\",\"url\":\"https:\/\/osoi.pt\/en\/\",\"name\":\"OSOI\",\"description\":\"Constru\u00e7\u00e3o e solu\u00e7\u00f5es de arquitetura\",\"publisher\":{\"@id\":\"https:\/\/osoi.pt\/en\/#organization\"},\"inLanguage\":\"en-US\"},{\"@type\":\"Organization\",\"@id\":\"https:\/\/osoi.pt\/en\/#organization\",\"name\":\"OSOI\",\"url\":\"https:\/\/osoi.pt\/en\/\",\"logo\":{\"@type\":\"ImageObject\",\"inLanguage\":\"en-US\",\"@id\":\"https:\/\/osoi.pt\/en\/#\/schema\/logo\/image\/\",\"url\":\"https:\/\/osoi.pt\/wp-content\/uploads\/2025\/03\/osoi-logo-cores.svg\",\"contentUrl\":\"https:\/\/osoi.pt\/wp-content\/uploads\/2025\/03\/osoi-logo-cores.svg\",\"width\":708.43,\"height\":279.46,\"caption\":\"OSOI\"},\"image\":{\"@id\":\"https:\/\/osoi.pt\/en\/#\/schema\/logo\/image\/\"}}]}<\/script>\n<!-- \/ Yoast SEO plugin. -->","yoast_head_json":{"title":"Solutions for Modular Systems - OSOI","description":"OSOI Concept is constantly looking for new solutions for the world of construction and that's why we're presenting our VESSPOD brand modules.","robots":{"index":"index","follow":"follow","max-snippet":"max-snippet:-1","max-image-preview":"max-image-preview:large","max-video-preview":"max-video-preview:-1"},"canonical":"https:\/\/osoi.pt\/en\/solutions\/modular\/","og_locale":"en_US","og_type":"article","og_title":"Solutions for Modular Systems - OSOI","og_description":"OSOI Concept is constantly looking for new solutions for the world of construction and that's why we're presenting our VESSPOD brand modules.","og_url":"https:\/\/osoi.pt\/en\/solutions\/modular\/","og_site_name":"OSOI","article_modified_time":"2025-08-13T11:10:44+00:00","twitter_card":"summary_large_image","schema":{"@context":"https:\/\/schema.org","@graph":[{"@type":"WebPage","@id":"https:\/\/osoi.pt\/en\/solutions\/modular\/","url":"https:\/\/osoi.pt\/en\/solutions\/modular\/","name":"Solutions for Modular Systems - OSOI","isPartOf":{"@id":"https:\/\/osoi.pt\/en\/#website"},"primaryImageOfPage":{"@id":"https:\/\/osoi.pt\/en\/solutions\/modular\/#primaryimage"},"image":{"@id":"https:\/\/osoi.pt\/en\/solutions\/modular\/#primaryimage"},"thumbnailUrl":"https:\/\/osoi.pt\/wp-content\/uploads\/2025\/04\/triangulo_cinza_dark.svg","datePublished":"2025-03-31T11:56:35+00:00","dateModified":"2025-08-13T11:10:44+00:00","description":"OSOI Concept is constantly looking for new solutions for the world of construction and that's why we're presenting our VESSPOD brand modules.","breadcrumb":{"@id":"https:\/\/osoi.pt\/en\/solutions\/modular\/#breadcrumb"},"inLanguage":"en-US","potentialAction":[{"@type":"ReadAction","target":["https:\/\/osoi.pt\/en\/solutions\/modular\/"]}]},{"@type":"ImageObject","inLanguage":"en-US","@id":"https:\/\/osoi.pt\/en\/solutions\/modular\/#primaryimage","url":"https:\/\/osoi.pt\/wp-content\/uploads\/2025\/04\/triangulo_cinza_dark.svg","contentUrl":"https:\/\/osoi.pt\/wp-content\/uploads\/2025\/04\/triangulo_cinza_dark.svg"},{"@type":"BreadcrumbList","@id":"https:\/\/osoi.pt\/en\/solutions\/modular\/#breadcrumb","itemListElement":[{"@type":"ListItem","position":1,"name":"In\u00edcio","item":"https:\/\/osoi.pt\/en\/home\/"},{"@type":"ListItem","position":2,"name":"Solutions","item":"https:\/\/osoi.pt\/en\/solutions\/"},{"@type":"ListItem","position":3,"name":"Modular"}]},{"@type":"WebSite","@id":"https:\/\/osoi.pt\/en\/#website","url":"https:\/\/osoi.pt\/en\/","name":"OSOI","description":"Constru\u00e7\u00e3o e solu\u00e7\u00f5es de arquitetura","publisher":{"@id":"https:\/\/osoi.pt\/en\/#organization"},"inLanguage":"en-US"},{"@type":"Organization","@id":"https:\/\/osoi.pt\/en\/#organization","name":"OSOI","url":"https:\/\/osoi.pt\/en\/","logo":{"@type":"ImageObject","inLanguage":"en-US","@id":"https:\/\/osoi.pt\/en\/#\/schema\/logo\/image\/","url":"https:\/\/osoi.pt\/wp-content\/uploads\/2025\/03\/osoi-logo-cores.svg","contentUrl":"https:\/\/osoi.pt\/wp-content\/uploads\/2025\/03\/osoi-logo-cores.svg","width":708.43,"height":279.46,"caption":"OSOI"},"image":{"@id":"https:\/\/osoi.pt\/en\/#\/schema\/logo\/image\/"}}]}},"_links":{"self":[{"href":"https:\/\/osoi.pt\/en\/wp-json\/wp\/v2\/pages\/2252","targetHints":{"allow":["GET"]}}],"collection":[{"href":"https:\/\/osoi.pt\/en\/wp-json\/wp\/v2\/pages"}],"about":[{"href":"https:\/\/osoi.pt\/en\/wp-json\/wp\/v2\/types\/page"}],"author":[{"embeddable":true,"href":"https:\/\/osoi.pt\/en\/wp-json\/wp\/v2\/users\/1"}],"replies":[{"embeddable":true,"href":"https:\/\/osoi.pt\/en\/wp-json\/wp\/v2\/comments?post=2252"}],"version-history":[{"count":2,"href":"https:\/\/osoi.pt\/en\/wp-json\/wp\/v2\/pages\/2252\/revisions"}],"predecessor-version":[{"id":2257,"href":"https:\/\/osoi.pt\/en\/wp-json\/wp\/v2\/pages\/2252\/revisions\/2257"}],"up":[{"embeddable":true,"href":"https:\/\/osoi.pt\/en\/wp-json\/wp\/v2\/pages\/2222"}],"wp:attachment":[{"href":"https:\/\/osoi.pt\/en\/wp-json\/wp\/v2\/media?parent=2252"}],"curies":[{"name":"wp","href":"https:\/\/api.w.org\/{rel}","templated":true}]}}