{"id":2215,"date":"2025-03-31T13:00:13","date_gmt":"2025-03-31T13:00:13","guid":{"rendered":"https:\/\/osoi.pt\/osoi-concept\/"},"modified":"2025-08-13T11:09:24","modified_gmt":"2025-08-13T11:09:24","slug":"osoi-concept","status":"publish","type":"page","link":"https:\/\/osoi.pt\/en\/osoi-concept\/","title":{"rendered":"OSOI Concept"},"content":{"rendered":"\t\t<div data-elementor-type=\"wp-page\" data-elementor-id=\"2215\" class=\"elementor elementor-2215 elementor-497\">\n\t\t\t\t<div class=\"elementor-element elementor-element-6b2e00e section-with-overlay base-padding e-flex e-con-boxed e-con e-parent\" data-id=\"6b2e00e\" data-element_type=\"container\" data-e-type=\"container\" data-settings=\"{&quot;background_background&quot;:&quot;classic&quot;,&quot;jet_parallax_layout_list&quot;:[]}\">\n\t\t\t\t\t<div class=\"e-con-inner\">\n\t\t\t\t\t<\/div>\n\t\t\t\t<\/div>\n\t\t<div class=\"elementor-element elementor-element-6543f1f base-padding e-flex e-con-boxed e-con e-parent\" data-id=\"6543f1f\" data-element_type=\"container\" data-e-type=\"container\" data-settings=\"{&quot;jet_parallax_layout_list&quot;:[],&quot;background_background&quot;:&quot;classic&quot;}\">\n\t\t\t\t\t<div class=\"e-con-inner\">\n\t\t\t\t<div class=\"elementor-element elementor-element-ba09ee3 pointer-events-none user-select-none elementor-widget elementor-widget-image\" data-id=\"ba09ee3\" data-element_type=\"widget\" data-e-type=\"widget\" data-widget_type=\"image.default\">\n\t\t\t\t<div class=\"elementor-widget-container\">\n\t\t\t\t\t\t\t\t\t\t\t\t\t\t\t<img fetchpriority=\"high\" decoding=\"async\" width=\"1173\" height=\"587\" src=\"https:\/\/osoi.pt\/wp-content\/uploads\/2025\/03\/triangulo_amarelo.svg\" class=\"attachment-full size-full wp-image-2054\" alt=\"\" \/>\t\t\t\t\t\t\t\t\t\t\t\t\t\t\t<\/div>\n\t\t\t\t<\/div>\n\t\t\t\t<div class=\"elementor-element elementor-element-0bf2108 elementor-widget elementor-widget-heading\" data-id=\"0bf2108\" data-element_type=\"widget\" data-e-type=\"widget\" data-widget_type=\"heading.default\">\n\t\t\t\t<div class=\"elementor-widget-container\">\n\t\t\t\t\t<h2 class=\"elementor-heading-title elementor-size-default\">Who we are<\/h2>\t\t\t\t<\/div>\n\t\t\t\t<\/div>\n\t\t\t\t<div class=\"elementor-element elementor-element-b21107b elementor-widget__width-initial elementor-widget elementor-widget-text-editor\" data-id=\"b21107b\" data-element_type=\"widget\" data-e-type=\"widget\" data-widget_type=\"text-editor.default\">\n\t\t\t\t<div class=\"elementor-widget-container\">\n\t\t\t\t\t\t\t\t\t<p>Founded in 2011 in Leiria, <strong>OSOI Concept<\/strong> is a company dedicated to design, execution and innovation in the residential and industrial segments, distinguished by the presentation of unique and functional solutions, complying with high quality standards. All its projects stand out for the rigor and professionalism of its team. <\/p><p>The expansion of its business activity is a priority, and it intends to take its solutions to other geographical areas of the country.<\/p>\t\t\t\t\t\t\t\t<\/div>\n\t\t\t\t<\/div>\n\t\t\t\t\t<\/div>\n\t\t\t\t<\/div>\n\t\t<div class=\"elementor-element elementor-element-9977093 base-padding e-flex e-con-boxed e-con e-parent\" data-id=\"9977093\" data-element_type=\"container\" data-e-type=\"container\" data-settings=\"{&quot;jet_parallax_layout_list&quot;:[],&quot;background_background&quot;:&quot;classic&quot;}\">\n\t\t\t\t\t<div class=\"e-con-inner\">\n\t\t\t\t<div class=\"elementor-element elementor-element-d2abaa5 elementor-widget__width-initial elementor-widget elementor-widget-text-editor\" data-id=\"d2abaa5\" data-element_type=\"widget\" data-e-type=\"widget\" data-widget_type=\"text-editor.default\">\n\t\t\t\t<div class=\"elementor-widget-container\">\n\t\t\t\t\t\t\t\t\t<p>For the second year running, OSOI Concept was ranked in the top 5% of small medium-sized companies in Portugal by SCORING.PT, as well as being awarded the NEG\u00d3CIOS + Business Certificate, jointly held by Jornal de Neg\u00f3cios and Informa D&amp;B, in recognition of its good performance in 2023.<\/p>\t\t\t\t\t\t\t\t<\/div>\n\t\t\t\t<\/div>\n\t\t<div class=\"elementor-element elementor-element-60154db e-con-full e-flex e-con e-child\" data-id=\"60154db\" data-element_type=\"container\" data-e-type=\"container\" data-settings=\"{&quot;jet_parallax_layout_list&quot;:[]}\">\n\t\t\t\t<div class=\"elementor-element elementor-element-bc7a67f elementor-widget elementor-widget-image\" data-id=\"bc7a67f\" data-element_type=\"widget\" data-e-type=\"widget\" data-widget_type=\"image.default\">\n\t\t\t\t<div class=\"elementor-widget-container\">\n\t\t\t\t\t\t\t\t\t\t\t\t\t\t\t\t<a href=\"\/wp-content\/uploads\/2025\/04\/certificado_scoring_top_2023.pdf\" target=\"_blank\">\n\t\t\t\t\t\t\t<img decoding=\"async\" width=\"1529\" height=\"1528\" src=\"https:\/\/osoi.pt\/wp-content\/uploads\/2025\/04\/selo_scoring_top_2023.webp\" class=\"attachment-full size-full wp-image-2200\" alt=\"\" srcset=\"https:\/\/osoi.pt\/wp-content\/uploads\/2025\/04\/selo_scoring_top_2023.webp 1529w, https:\/\/osoi.pt\/wp-content\/uploads\/2025\/04\/selo_scoring_top_2023-300x300.webp 300w, https:\/\/osoi.pt\/wp-content\/uploads\/2025\/04\/selo_scoring_top_2023-1024x1024.webp 1024w, https:\/\/osoi.pt\/wp-content\/uploads\/2025\/04\/selo_scoring_top_2023-150x150.webp 150w, https:\/\/osoi.pt\/wp-content\/uploads\/2025\/04\/selo_scoring_top_2023-768x767.webp 768w, https:\/\/osoi.pt\/wp-content\/uploads\/2025\/04\/selo_scoring_top_2023-230x230.webp 230w, https:\/\/osoi.pt\/wp-content\/uploads\/2025\/04\/selo_scoring_top_2023-400x400.webp 400w, https:\/\/osoi.pt\/wp-content\/uploads\/2025\/04\/selo_scoring_top_2023-600x600.webp 600w, https:\/\/osoi.pt\/wp-content\/uploads\/2025\/04\/selo_scoring_top_2023-640x640.webp 640w\" sizes=\"(max-width: 1529px) 100vw, 1529px\" \/>\t\t\t\t\t\t\t\t<\/a>\n\t\t\t\t\t\t\t\t\t\t\t\t\t\t\t<\/div>\n\t\t\t\t<\/div>\n\t\t\t\t<div class=\"elementor-element elementor-element-17bb43a elementor-widget elementor-widget-image\" data-id=\"17bb43a\" data-element_type=\"widget\" data-e-type=\"widget\" data-widget_type=\"image.default\">\n\t\t\t\t<div class=\"elementor-widget-container\">\n\t\t\t\t\t\t\t\t\t\t\t\t\t\t\t\t<a href=\"\/wp-content\/uploads\/2025\/04\/certificado_scoring_top_2024.pdf\" target=\"_blank\">\n\t\t\t\t\t\t\t<img decoding=\"async\" width=\"1400\" height=\"1410\" src=\"https:\/\/osoi.pt\/wp-content\/uploads\/2025\/04\/selo_scoring_top_2024.webp\" class=\"attachment-full size-full wp-image-2201\" alt=\"\" srcset=\"https:\/\/osoi.pt\/wp-content\/uploads\/2025\/04\/selo_scoring_top_2024.webp 1400w, https:\/\/osoi.pt\/wp-content\/uploads\/2025\/04\/selo_scoring_top_2024-298x300.webp 298w, https:\/\/osoi.pt\/wp-content\/uploads\/2025\/04\/selo_scoring_top_2024-1017x1024.webp 1017w, https:\/\/osoi.pt\/wp-content\/uploads\/2025\/04\/selo_scoring_top_2024-150x150.webp 150w, https:\/\/osoi.pt\/wp-content\/uploads\/2025\/04\/selo_scoring_top_2024-768x773.webp 768w, https:\/\/osoi.pt\/wp-content\/uploads\/2025\/04\/selo_scoring_top_2024-600x604.webp 600w\" sizes=\"(max-width: 1400px) 100vw, 1400px\" \/>\t\t\t\t\t\t\t\t<\/a>\n\t\t\t\t\t\t\t\t\t\t\t\t\t\t\t<\/div>\n\t\t\t\t<\/div>\n\t\t\t\t<div class=\"elementor-element elementor-element-c4d63b9 elementor-widget elementor-widget-image\" data-id=\"c4d63b9\" data-element_type=\"widget\" data-e-type=\"widget\" data-widget_type=\"image.default\">\n\t\t\t\t<div class=\"elementor-widget-container\">\n\t\t\t\t\t\t\t\t\t\t\t\t\t\t\t\t<a href=\"\/wp-content\/uploads\/2025\/04\/certificado_empresarial_2023.pdf\" target=\"_blank\">\n\t\t\t\t\t\t\t<img loading=\"lazy\" decoding=\"async\" width=\"1230\" height=\"1726\" src=\"https:\/\/osoi.pt\/wp-content\/uploads\/2025\/04\/selo_rgb_branco.webp\" class=\"attachment-full size-full wp-image-2207\" alt=\"selo_negocios_2023\" srcset=\"https:\/\/osoi.pt\/wp-content\/uploads\/2025\/04\/selo_rgb_branco.webp 1230w, https:\/\/osoi.pt\/wp-content\/uploads\/2025\/04\/selo_rgb_branco-214x300.webp 214w, https:\/\/osoi.pt\/wp-content\/uploads\/2025\/04\/selo_rgb_branco-730x1024.webp 730w, https:\/\/osoi.pt\/wp-content\/uploads\/2025\/04\/selo_rgb_branco-768x1078.webp 768w, https:\/\/osoi.pt\/wp-content\/uploads\/2025\/04\/selo_rgb_branco-1095x1536.webp 1095w, https:\/\/osoi.pt\/wp-content\/uploads\/2025\/04\/selo_rgb_branco-600x842.webp 600w\" sizes=\"(max-width: 1230px) 100vw, 1230px\" \/>\t\t\t\t\t\t\t\t<\/a>\n\t\t\t\t\t\t\t\t\t\t\t\t\t\t\t<\/div>\n\t\t\t\t<\/div>\n\t\t\t\t<\/div>\n\t\t\t\t\t<\/div>\n\t\t\t\t<\/div>\n\t\t<div class=\"elementor-element elementor-element-f8cbcf4 e-con-full e-flex e-con e-parent\" data-id=\"f8cbcf4\" data-element_type=\"container\" data-e-type=\"container\" data-settings=\"{&quot;jet_parallax_layout_list&quot;:[]}\">\n\t\t\t\t<div class=\"elementor-element elementor-element-2de4eac elementor-widget elementor-widget-jet-carousel\" data-id=\"2de4eac\" data-element_type=\"widget\" data-e-type=\"widget\" data-settings=\"{&quot;slides_to_show&quot;:&quot;5&quot;,&quot;slides_to_show_tablet&quot;:&quot;3&quot;,&quot;slides_to_show_mobile&quot;:&quot;1&quot;,&quot;slides_to_scroll&quot;:&quot;1&quot;}\" data-widget_type=\"jet-carousel.default\">\n\t\t\t\t<div class=\"elementor-widget-container\">\n\t\t\t\t\t<div class=\"elementor-jet-carousel jet-elements\"><div class=\"jet-carousel-wrap\">\n\t<div class=\"jet-carousel\" data-slider_options=\"{&quot;autoplaySpeed&quot;:2500,&quot;autoplay&quot;:true,&quot;infinite&quot;:true,&quot;centerMode&quot;:false,&quot;centerPadding&quot;:&quot;50px&quot;,&quot;pauseOnHover&quot;:true,&quot;speed&quot;:500,&quot;arrows&quot;:true,&quot;dots&quot;:false,&quot;variableWidth&quot;:false,&quot;prevArrow&quot;:&quot;.jet-carousel__prev-arrow-2de4eac&quot;,&quot;nextArrow&quot;:&quot;.jet-carousel__next-arrow-2de4eac&quot;,&quot;rtl&quot;:false,&quot;fractionNav&quot;:false}\" dir=\"ltr\">\n\t<div class=\"elementor-slick-slider\">\n\n<div class=\"jet-carousel__item\">\n\t<div class=\"jet-carousel__item-inner\"><a href=\"https:\/\/osoi.pt\/wp-content\/uploads\/2025\/04\/Escritorio-2.webp\" class=\"jet-carousel__item-link\" data-elementor-open-lightbox=&quot;yes&quot; data-elementor-lightbox-slideshow=&quot;2de4eac&quot;  ><img decoding=\"async\" src=\"https:\/\/osoi.pt\/wp-content\/uploads\/2025\/04\/Escritorio-2.webp\" class=\"jet-carousel__item-img\" alt=\"Escrito\u0301rio (2)\" loading=\"lazy\"><\/a><div class=\"jet-carousel__content\"><\/div><\/div>\n<\/div>\n\n<div class=\"jet-carousel__item\">\n\t<div class=\"jet-carousel__item-inner\"><a href=\"https:\/\/osoi.pt\/wp-content\/uploads\/2025\/04\/Escritorio-4.webp\" class=\"jet-carousel__item-link\" data-elementor-open-lightbox=&quot;yes&quot; data-elementor-lightbox-slideshow=&quot;2de4eac&quot;  ><img decoding=\"async\" src=\"https:\/\/osoi.pt\/wp-content\/uploads\/2025\/04\/Escritorio-4.webp\" class=\"jet-carousel__item-img\" alt=\"Escrito\u0301rio (4)\" loading=\"lazy\"><\/a><div class=\"jet-carousel__content\"><\/div><\/div>\n<\/div>\n\n<div class=\"jet-carousel__item\">\n\t<div class=\"jet-carousel__item-inner\"><a href=\"https:\/\/osoi.pt\/wp-content\/uploads\/2025\/04\/Escritorio-5.webp\" class=\"jet-carousel__item-link\" data-elementor-open-lightbox=&quot;yes&quot; data-elementor-lightbox-slideshow=&quot;2de4eac&quot;  ><img decoding=\"async\" src=\"https:\/\/osoi.pt\/wp-content\/uploads\/2025\/04\/Escritorio-5.webp\" class=\"jet-carousel__item-img\" alt=\"Escrito\u0301rio (5)\" loading=\"lazy\"><\/a><div class=\"jet-carousel__content\"><\/div><\/div>\n<\/div>\n\n<div class=\"jet-carousel__item\">\n\t<div class=\"jet-carousel__item-inner\"><a href=\"https:\/\/osoi.pt\/wp-content\/uploads\/2025\/04\/Escritorio-6.webp\" class=\"jet-carousel__item-link\" data-elementor-open-lightbox=&quot;yes&quot; data-elementor-lightbox-slideshow=&quot;2de4eac&quot;  ><img decoding=\"async\" src=\"https:\/\/osoi.pt\/wp-content\/uploads\/2025\/04\/Escritorio-6.webp\" class=\"jet-carousel__item-img\" alt=\"Escrito\u0301rio (6)\" loading=\"lazy\"><\/a><div class=\"jet-carousel__content\"><\/div><\/div>\n<\/div>\n\n<div class=\"jet-carousel__item\">\n\t<div class=\"jet-carousel__item-inner\"><a href=\"https:\/\/osoi.pt\/wp-content\/uploads\/2025\/04\/Escritorio-7.webp\" class=\"jet-carousel__item-link\" data-elementor-open-lightbox=&quot;yes&quot; data-elementor-lightbox-slideshow=&quot;2de4eac&quot;  ><img decoding=\"async\" src=\"https:\/\/osoi.pt\/wp-content\/uploads\/2025\/04\/Escritorio-7.webp\" class=\"jet-carousel__item-img\" alt=\"Escrito\u0301rio (7)\" loading=\"lazy\"><\/a><div class=\"jet-carousel__content\"><\/div><\/div>\n<\/div>\n<\/div><div class=\"jet-carousel__prev-arrow-2de4eac jet-arrow prev-arrow\"><svg aria-hidden=\"true\" class=\"e-font-icon-svg e-fas-angle-left\" viewBox=\"0 0 256 512\" xmlns=\"http:\/\/www.w3.org\/2000\/svg\"><path d=\"M31.7 239l136-136c9.4-9.4 24.6-9.4 33.9 0l22.6 22.6c9.4 9.4 9.4 24.6 0 33.9L127.9 256l96.4 96.4c9.4 9.4 9.4 24.6 0 33.9L201.7 409c-9.4 9.4-24.6 9.4-33.9 0l-136-136c-9.5-9.4-9.5-24.6-.1-34z\"><\/path><\/svg><\/div><div class=\"jet-carousel__next-arrow-2de4eac jet-arrow next-arrow\"><svg aria-hidden=\"true\" class=\"e-font-icon-svg e-fas-angle-right\" viewBox=\"0 0 256 512\" xmlns=\"http:\/\/www.w3.org\/2000\/svg\"><path d=\"M224.3 273l-136 136c-9.4 9.4-24.6 9.4-33.9 0l-22.6-22.6c-9.4-9.4-9.4-24.6 0-33.9l96.4-96.4-96.4-96.4c-9.4-9.4-9.4-24.6 0-33.9L54.3 103c9.4-9.4 24.6-9.4 33.9 0l136 136c9.5 9.4 9.5 24.6.1 34z\"><\/path><\/svg><\/div><\/div>\n<\/div>\n<\/div>\t\t\t\t<\/div>\n\t\t\t\t<\/div>\n\t\t\t\t<\/div>\n\t\t<div class=\"elementor-element elementor-element-75c3f2c e-flex e-con-boxed e-con e-child\" data-id=\"75c3f2c\" data-element_type=\"container\" data-e-type=\"container\" data-settings=\"{&quot;background_background&quot;:&quot;classic&quot;,&quot;jet_parallax_layout_list&quot;:[]}\">\n\t\t\t\t\t<div class=\"e-con-inner\">\n\t\t<div class=\"elementor-element elementor-element-47ba25a base-padding e-flex e-con-boxed e-con e-child\" data-id=\"47ba25a\" data-element_type=\"container\" data-e-type=\"container\" data-settings=\"{&quot;position&quot;:&quot;absolute&quot;,&quot;jet_parallax_layout_list&quot;:[]}\">\n\t\t\t\t\t<div class=\"e-con-inner\">\n\t\t\t\t<div class=\"elementor-element elementor-element-8c752f7 e-transform pointer-events-none user-select-none elementor-widget elementor-widget-image\" data-id=\"8c752f7\" data-element_type=\"widget\" data-e-type=\"widget\" data-settings=\"{&quot;_transform_rotateZ_effect&quot;:{&quot;unit&quot;:&quot;px&quot;,&quot;size&quot;:180,&quot;sizes&quot;:[]},&quot;_transform_rotateZ_effect_tablet&quot;:{&quot;unit&quot;:&quot;deg&quot;,&quot;size&quot;:&quot;&quot;,&quot;sizes&quot;:[]},&quot;_transform_rotateZ_effect_mobile&quot;:{&quot;unit&quot;:&quot;deg&quot;,&quot;size&quot;:&quot;&quot;,&quot;sizes&quot;:[]}}\" data-widget_type=\"image.default\">\n\t\t\t\t<div class=\"elementor-widget-container\">\n\t\t\t\t\t\t\t\t\t\t\t\t\t\t\t<img fetchpriority=\"high\" decoding=\"async\" width=\"1173\" height=\"587\" src=\"https:\/\/osoi.pt\/wp-content\/uploads\/2025\/03\/triangulo_amarelo.svg\" class=\"attachment-full size-full wp-image-2054\" alt=\"\" \/>\t\t\t\t\t\t\t\t\t\t\t\t\t\t\t<\/div>\n\t\t\t\t<\/div>\n\t\t\t\t\t<\/div>\n\t\t\t\t<\/div>\n\t\t\t\t\t<\/div>\n\t\t\t\t<\/div>\n\t\t\t\t<\/div>\n\t\t","protected":false},"excerpt":{"rendered":"<p>Who we are Founded in 2011 in Leiria, OSOI Concept is a company dedicated to design, execution and innovation in the residential and industrial segments, distinguished by the presentation of unique and functional solutions, complying with high quality standards. All its projects stand out for the rigor and professionalism of its team. The expansion of [&hellip;]<\/p>\n","protected":false},"author":1,"featured_media":0,"parent":0,"menu_order":0,"comment_status":"closed","ping_status":"closed","template":"","meta":{"footnotes":""},"class_list":["post-2215","page","type-page","status-publish","hentry"],"yoast_head":"<!-- This site is optimized with the Yoast SEO plugin v27.2 - https:\/\/yoast.com\/product\/yoast-seo-wordpress\/ -->\n<title>OSOI Concept - OSOI<\/title>\n<meta name=\"description\" content=\"OSOI Concept is a company dedicated to design, execution and innovation in the residential and industrial segments.\" \/>\n<meta name=\"robots\" content=\"index, follow, max-snippet:-1, max-image-preview:large, max-video-preview:-1\" \/>\n<link rel=\"canonical\" href=\"https:\/\/osoi.pt\/en\/osoi-concept\/\" \/>\n<meta property=\"og:locale\" content=\"en_US\" \/>\n<meta property=\"og:type\" content=\"article\" \/>\n<meta property=\"og:title\" content=\"OSOI Concept - OSOI\" \/>\n<meta property=\"og:description\" content=\"OSOI Concept is a company dedicated to design, execution and innovation in the residential and industrial segments.\" \/>\n<meta property=\"og:url\" content=\"https:\/\/osoi.pt\/en\/osoi-concept\/\" \/>\n<meta property=\"og:site_name\" content=\"OSOI\" \/>\n<meta property=\"article:modified_time\" content=\"2025-08-13T11:09:24+00:00\" \/>\n<meta name=\"twitter:card\" content=\"summary_large_image\" \/>\n<meta name=\"twitter:label1\" content=\"Est. reading time\" \/>\n\t<meta name=\"twitter:data1\" content=\"1 minute\" \/>\n<script type=\"application\/ld+json\" class=\"yoast-schema-graph\">{\"@context\":\"https:\/\/schema.org\",\"@graph\":[{\"@type\":\"WebPage\",\"@id\":\"https:\/\/osoi.pt\/en\/osoi-concept\/\",\"url\":\"https:\/\/osoi.pt\/en\/osoi-concept\/\",\"name\":\"OSOI Concept - OSOI\",\"isPartOf\":{\"@id\":\"https:\/\/osoi.pt\/en\/#website\"},\"primaryImageOfPage\":{\"@id\":\"https:\/\/osoi.pt\/en\/osoi-concept\/#primaryimage\"},\"image\":{\"@id\":\"https:\/\/osoi.pt\/en\/osoi-concept\/#primaryimage\"},\"thumbnailUrl\":\"https:\/\/osoi.pt\/wp-content\/uploads\/2025\/03\/triangulo_amarelo.svg\",\"datePublished\":\"2025-03-31T13:00:13+00:00\",\"dateModified\":\"2025-08-13T11:09:24+00:00\",\"description\":\"OSOI Concept is a company dedicated to design, execution and innovation in the residential and industrial segments.\",\"breadcrumb\":{\"@id\":\"https:\/\/osoi.pt\/en\/osoi-concept\/#breadcrumb\"},\"inLanguage\":\"en-US\",\"potentialAction\":[{\"@type\":\"ReadAction\",\"target\":[\"https:\/\/osoi.pt\/en\/osoi-concept\/\"]}]},{\"@type\":\"ImageObject\",\"inLanguage\":\"en-US\",\"@id\":\"https:\/\/osoi.pt\/en\/osoi-concept\/#primaryimage\",\"url\":\"https:\/\/osoi.pt\/wp-content\/uploads\/2025\/03\/triangulo_amarelo.svg\",\"contentUrl\":\"https:\/\/osoi.pt\/wp-content\/uploads\/2025\/03\/triangulo_amarelo.svg\"},{\"@type\":\"BreadcrumbList\",\"@id\":\"https:\/\/osoi.pt\/en\/osoi-concept\/#breadcrumb\",\"itemListElement\":[{\"@type\":\"ListItem\",\"position\":1,\"name\":\"In\u00edcio\",\"item\":\"https:\/\/osoi.pt\/en\/home\/\"},{\"@type\":\"ListItem\",\"position\":2,\"name\":\"OSOI Concept\"}]},{\"@type\":\"WebSite\",\"@id\":\"https:\/\/osoi.pt\/en\/#website\",\"url\":\"https:\/\/osoi.pt\/en\/\",\"name\":\"OSOI\",\"description\":\"Constru\u00e7\u00e3o e solu\u00e7\u00f5es de arquitetura\",\"publisher\":{\"@id\":\"https:\/\/osoi.pt\/en\/#organization\"},\"inLanguage\":\"en-US\"},{\"@type\":\"Organization\",\"@id\":\"https:\/\/osoi.pt\/en\/#organization\",\"name\":\"OSOI\",\"url\":\"https:\/\/osoi.pt\/en\/\",\"logo\":{\"@type\":\"ImageObject\",\"inLanguage\":\"en-US\",\"@id\":\"https:\/\/osoi.pt\/en\/#\/schema\/logo\/image\/\",\"url\":\"https:\/\/osoi.pt\/wp-content\/uploads\/2025\/03\/osoi-logo-cores.svg\",\"contentUrl\":\"https:\/\/osoi.pt\/wp-content\/uploads\/2025\/03\/osoi-logo-cores.svg\",\"width\":708.43,\"height\":279.46,\"caption\":\"OSOI\"},\"image\":{\"@id\":\"https:\/\/osoi.pt\/en\/#\/schema\/logo\/image\/\"}}]}<\/script>\n<!-- \/ Yoast SEO plugin. -->","yoast_head_json":{"title":"OSOI Concept - OSOI","description":"OSOI Concept is a company dedicated to design, execution and innovation in the residential and industrial segments.","robots":{"index":"index","follow":"follow","max-snippet":"max-snippet:-1","max-image-preview":"max-image-preview:large","max-video-preview":"max-video-preview:-1"},"canonical":"https:\/\/osoi.pt\/en\/osoi-concept\/","og_locale":"en_US","og_type":"article","og_title":"OSOI Concept - OSOI","og_description":"OSOI Concept is a company dedicated to design, execution and innovation in the residential and industrial segments.","og_url":"https:\/\/osoi.pt\/en\/osoi-concept\/","og_site_name":"OSOI","article_modified_time":"2025-08-13T11:09:24+00:00","twitter_card":"summary_large_image","twitter_misc":{"Est. reading time":"1 minute"},"schema":{"@context":"https:\/\/schema.org","@graph":[{"@type":"WebPage","@id":"https:\/\/osoi.pt\/en\/osoi-concept\/","url":"https:\/\/osoi.pt\/en\/osoi-concept\/","name":"OSOI Concept - OSOI","isPartOf":{"@id":"https:\/\/osoi.pt\/en\/#website"},"primaryImageOfPage":{"@id":"https:\/\/osoi.pt\/en\/osoi-concept\/#primaryimage"},"image":{"@id":"https:\/\/osoi.pt\/en\/osoi-concept\/#primaryimage"},"thumbnailUrl":"https:\/\/osoi.pt\/wp-content\/uploads\/2025\/03\/triangulo_amarelo.svg","datePublished":"2025-03-31T13:00:13+00:00","dateModified":"2025-08-13T11:09:24+00:00","description":"OSOI Concept is a company dedicated to design, execution and innovation in the residential and industrial segments.","breadcrumb":{"@id":"https:\/\/osoi.pt\/en\/osoi-concept\/#breadcrumb"},"inLanguage":"en-US","potentialAction":[{"@type":"ReadAction","target":["https:\/\/osoi.pt\/en\/osoi-concept\/"]}]},{"@type":"ImageObject","inLanguage":"en-US","@id":"https:\/\/osoi.pt\/en\/osoi-concept\/#primaryimage","url":"https:\/\/osoi.pt\/wp-content\/uploads\/2025\/03\/triangulo_amarelo.svg","contentUrl":"https:\/\/osoi.pt\/wp-content\/uploads\/2025\/03\/triangulo_amarelo.svg"},{"@type":"BreadcrumbList","@id":"https:\/\/osoi.pt\/en\/osoi-concept\/#breadcrumb","itemListElement":[{"@type":"ListItem","position":1,"name":"In\u00edcio","item":"https:\/\/osoi.pt\/en\/home\/"},{"@type":"ListItem","position":2,"name":"OSOI Concept"}]},{"@type":"WebSite","@id":"https:\/\/osoi.pt\/en\/#website","url":"https:\/\/osoi.pt\/en\/","name":"OSOI","description":"Constru\u00e7\u00e3o e solu\u00e7\u00f5es de arquitetura","publisher":{"@id":"https:\/\/osoi.pt\/en\/#organization"},"inLanguage":"en-US"},{"@type":"Organization","@id":"https:\/\/osoi.pt\/en\/#organization","name":"OSOI","url":"https:\/\/osoi.pt\/en\/","logo":{"@type":"ImageObject","inLanguage":"en-US","@id":"https:\/\/osoi.pt\/en\/#\/schema\/logo\/image\/","url":"https:\/\/osoi.pt\/wp-content\/uploads\/2025\/03\/osoi-logo-cores.svg","contentUrl":"https:\/\/osoi.pt\/wp-content\/uploads\/2025\/03\/osoi-logo-cores.svg","width":708.43,"height":279.46,"caption":"OSOI"},"image":{"@id":"https:\/\/osoi.pt\/en\/#\/schema\/logo\/image\/"}}]}},"_links":{"self":[{"href":"https:\/\/osoi.pt\/en\/wp-json\/wp\/v2\/pages\/2215","targetHints":{"allow":["GET"]}}],"collection":[{"href":"https:\/\/osoi.pt\/en\/wp-json\/wp\/v2\/pages"}],"about":[{"href":"https:\/\/osoi.pt\/en\/wp-json\/wp\/v2\/types\/page"}],"author":[{"embeddable":true,"href":"https:\/\/osoi.pt\/en\/wp-json\/wp\/v2\/users\/1"}],"replies":[{"embeddable":true,"href":"https:\/\/osoi.pt\/en\/wp-json\/wp\/v2\/comments?post=2215"}],"version-history":[{"count":1,"href":"https:\/\/osoi.pt\/en\/wp-json\/wp\/v2\/pages\/2215\/revisions"}],"predecessor-version":[{"id":2216,"href":"https:\/\/osoi.pt\/en\/wp-json\/wp\/v2\/pages\/2215\/revisions\/2216"}],"wp:attachment":[{"href":"https:\/\/osoi.pt\/en\/wp-json\/wp\/v2\/media?parent=2215"}],"curies":[{"name":"wp","href":"https:\/\/api.w.org\/{rel}","templated":true}]}}